{"id":9,"date":"2024-03-28T14:35:13","date_gmt":"2024-03-28T14:35:13","guid":{"rendered":"https:\/\/vipag.ch\/?page_id=9"},"modified":"2026-02-27T09:10:13","modified_gmt":"2026-02-27T09:10:13","slug":"vipag","status":"publish","type":"page","link":"https:\/\/vipag.ch\/","title":{"rendered":"VIPAG"},"content":{"rendered":"\t\t<div data-elementor-type=\"wp-page\" data-elementor-id=\"9\" class=\"elementor elementor-9\">\n\t\t\t\t<div class=\"elementor-element elementor-element-322ed10 e-flex e-con-boxed e-con e-parent\" data-id=\"322ed10\" data-element_type=\"container\" data-core-v316-plus=\"true\">\n\t\t\t\t\t<div class=\"e-con-inner\">\n\t\t\t\t<div class=\"elementor-element elementor-element-f9651c1 animated-slow elementor-invisible elementor-widget elementor-widget-image\" data-id=\"f9651c1\" data-element_type=\"widget\" data-settings=\"{&quot;_animation&quot;:&quot;fadeInDown&quot;,&quot;_animation_delay&quot;:500}\" data-widget_type=\"image.default\">\n\t\t\t\t<div class=\"elementor-widget-container\">\n\t\t\t<style>\/*! elementor - v3.20.0 - 26-03-2024 *\/\n.elementor-widget-image{text-align:center}.elementor-widget-image a{display:inline-block}.elementor-widget-image a img[src$=\".svg\"]{width:48px}.elementor-widget-image img{vertical-align:middle;display:inline-block}<\/style>\t\t\t\t\t\t\t\t\t\t<img fetchpriority=\"high\" decoding=\"async\" width=\"2000\" height=\"1841\" src=\"https:\/\/vipag.ch\/wp-content\/uploads\/2026\/02\/Logo.png\" class=\"attachment-full size-full wp-image-70\" alt=\"\" srcset=\"https:\/\/vipag.ch\/wp-content\/uploads\/2026\/02\/Logo.png 2000w, https:\/\/vipag.ch\/wp-content\/uploads\/2026\/02\/Logo-300x276.png 300w, https:\/\/vipag.ch\/wp-content\/uploads\/2026\/02\/Logo-1024x943.png 1024w, https:\/\/vipag.ch\/wp-content\/uploads\/2026\/02\/Logo-768x707.png 768w, https:\/\/vipag.ch\/wp-content\/uploads\/2026\/02\/Logo-1536x1414.png 1536w\" sizes=\"(max-width: 2000px) 100vw, 2000px\" \/>\t\t\t\t\t\t\t\t\t\t\t\t\t<\/div>\n\t\t\t\t<\/div>\n\t\t\t\t<div class=\"elementor-element elementor-element-472f215 animated-slow elementor-invisible elementor-widget elementor-widget-heading\" data-id=\"472f215\" data-element_type=\"widget\" data-settings=\"{&quot;_animation&quot;:&quot;fadeIn&quot;,&quot;_animation_delay&quot;:1300}\" data-widget_type=\"heading.default\">\n\t\t\t\t<div class=\"elementor-widget-container\">\n\t\t\t<style>\/*! elementor - v3.20.0 - 26-03-2024 *\/\n.elementor-heading-title{padding:0;margin:0;line-height:1}.elementor-widget-heading .elementor-heading-title[class*=elementor-size-]>a{color:inherit;font-size:inherit;line-height:inherit}.elementor-widget-heading .elementor-heading-title.elementor-size-small{font-size:15px}.elementor-widget-heading .elementor-heading-title.elementor-size-medium{font-size:19px}.elementor-widget-heading .elementor-heading-title.elementor-size-large{font-size:29px}.elementor-widget-heading .elementor-heading-title.elementor-size-xl{font-size:39px}.elementor-widget-heading .elementor-heading-title.elementor-size-xxl{font-size:59px}<\/style><h2 class=\"elementor-heading-title elementor-size-default\">V I P Home & Business AG<\/h2>\t\t<\/div>\n\t\t\t\t<\/div>\n\t\t\t\t<div class=\"elementor-element elementor-element-6122655 elementor-widget elementor-widget-heading\" data-id=\"6122655\" data-element_type=\"widget\" data-widget_type=\"heading.default\">\n\t\t\t\t<div class=\"elementor-widget-container\">\n\t\t\t<h2 class=\"elementor-heading-title elementor-size-default\">seit 17 Jahren <\/h2>\t\t<\/div>\n\t\t\t\t<\/div>\n\t\t\t\t<div class=\"elementor-element elementor-element-348eab2 elementor-widget elementor-widget-heading\" data-id=\"348eab2\" data-element_type=\"widget\" data-widget_type=\"heading.default\">\n\t\t\t\t<div class=\"elementor-widget-container\">\n\t\t\t<h2 class=\"elementor-heading-title elementor-size-default\">Beratung \u2013 Planung \u2013 Ausf\u00fchrung von intelligente Geb\u00e4ude-Automation Systeme <\/h2>\t\t<\/div>\n\t\t\t\t<\/div>\n\t\t\t\t<div class=\"elementor-element elementor-element-dff64c4 elementor-widget elementor-widget-heading\" data-id=\"dff64c4\" data-element_type=\"widget\" data-widget_type=\"heading.default\">\n\t\t\t\t<div class=\"elementor-widget-container\">\n\t\t\t<h2 class=\"elementor-heading-title elementor-size-default\">Wir bauen unsere Webseite f\u00fcr SIE um.<br> Schauen Sie bald wieder vorbei.<\/h2>\t\t<\/div>\n\t\t\t\t<\/div>\n\t\t\t\t<div class=\"elementor-element elementor-element-1cfaa7a elementor-widget elementor-widget-text-editor\" data-id=\"1cfaa7a\" data-element_type=\"widget\" data-widget_type=\"text-editor.default\">\n\t\t\t\t<div class=\"elementor-widget-container\">\n\t\t\t<style>\/*! elementor - v3.20.0 - 26-03-2024 *\/\n.elementor-widget-text-editor.elementor-drop-cap-view-stacked .elementor-drop-cap{background-color:#69727d;color:#fff}.elementor-widget-text-editor.elementor-drop-cap-view-framed .elementor-drop-cap{color:#69727d;border:3px solid;background-color:transparent}.elementor-widget-text-editor:not(.elementor-drop-cap-view-default) .elementor-drop-cap{margin-top:8px}.elementor-widget-text-editor:not(.elementor-drop-cap-view-default) .elementor-drop-cap-letter{width:1em;height:1em}.elementor-widget-text-editor .elementor-drop-cap{float:left;text-align:center;line-height:1;font-size:50px}.elementor-widget-text-editor .elementor-drop-cap-letter{display:inline-block}<\/style>\t\t\t\t<p>Kantonsstrasse 33a<br \/>8863 Buttikon<\/p><p><span id=\"cloak9d5f817c9084312552be56b24c2c4aae\"><a href=\"mailto:info@vipag.ch\">info@vipag.ch<\/a><\/span><\/p>\t\t\t\t\t\t<\/div>\n\t\t\t\t<\/div>\n\t\t\t\t\t<\/div>\n\t\t\t\t<\/div>\n\t\t<div class=\"elementor-element elementor-element-979aa9f e-flex e-con-boxed e-con e-parent\" data-id=\"979aa9f\" data-element_type=\"container\" data-core-v316-plus=\"true\">\n\t\t\t\t\t<div class=\"e-con-inner\">\n\t\t<div class=\"elementor-element elementor-element-33aea3c e-con-full e-flex e-con e-child\" data-id=\"33aea3c\" data-element_type=\"container\">\n\t\t\t\t<div class=\"elementor-element elementor-element-9aac13d elementor-widget elementor-widget-text-editor\" data-id=\"9aac13d\" data-element_type=\"widget\" data-widget_type=\"text-editor.default\">\n\t\t\t\t<div class=\"elementor-widget-container\">\n\t\t\t\t\t\t\t<p><span id=\"cloak9d5f817c9084312552be56b24c2c4aae\"><strong>Christos Linakis<\/strong><br \/><a href=\"tel:+41795112266\">Tel: +41 079 511 22 66<\/a><br \/><\/span><span id=\"cloak9d5f817c9084312552be56b24c2c4aae\"><a href=\"mailto:info@vipag.ch\">Mail: info@vipag.ch<\/a><\/span><\/p>\t\t\t\t\t\t<\/div>\n\t\t\t\t<\/div>\n\t\t\t\t<\/div>\n\t\t<div class=\"elementor-element elementor-element-94cdf66 e-con-full e-flex e-con e-child\" data-id=\"94cdf66\" data-element_type=\"container\">\n\t\t\t\t<div class=\"elementor-element elementor-element-6317447 elementor-widget elementor-widget-text-editor\" data-id=\"6317447\" data-element_type=\"widget\" data-widget_type=\"text-editor.default\">\n\t\t\t\t<div class=\"elementor-widget-container\">\n\t\t\t\t\t\t\t<p><span id=\"cloak9d5f817c9084312552be56b24c2c4aae\"><strong>Jose Ruiz<\/strong><br \/><a href=\"tel:+41795495940\">Tel: +41 79 549 59 40<\/a><br \/><\/span><span id=\"cloak9d5f817c9084312552be56b24c2c4aae\"><a href=\"mailto:info@vipag.ch\">Mail: jose.ruiz@vipag.ch<\/a><\/span><\/p>\t\t\t\t\t\t<\/div>\n\t\t\t\t<\/div>\n\t\t\t\t<\/div>\n\t\t\t\t\t<\/div>\n\t\t\t\t<\/div>\n\t\t\t\t<\/div>\n\t\t","protected":false},"excerpt":{"rendered":"<p>V I P Home &#038; Business AG seit 17 Jahren Beratung \u2013 Planung \u2013 Ausf\u00fchrung von intelligente Geb\u00e4ude-Automation Systeme Wir bauen unsere Webseite f\u00fcr SIE um. Schauen Sie bald wieder vorbei. Kantonsstrasse 33a8863 Buttikon info@vipag.ch Christos LinakisTel: +41 079 511 22 66Mail: info@vipag.ch Jose RuizTel: +41 79 549 59 40Mail: jose.ruiz@vipag.ch<\/p>\n","protected":false},"author":1,"featured_media":0,"parent":0,"menu_order":0,"comment_status":"closed","ping_status":"closed","template":"elementor_canvas","meta":{"footnotes":""},"_links":{"self":[{"href":"https:\/\/vipag.ch\/index.php?rest_route=\/wp\/v2\/pages\/9"}],"collection":[{"href":"https:\/\/vipag.ch\/index.php?rest_route=\/wp\/v2\/pages"}],"about":[{"href":"https:\/\/vipag.ch\/index.php?rest_route=\/wp\/v2\/types\/page"}],"author":[{"embeddable":true,"href":"https:\/\/vipag.ch\/index.php?rest_route=\/wp\/v2\/users\/1"}],"replies":[{"embeddable":true,"href":"https:\/\/vipag.ch\/index.php?rest_route=%2Fwp%2Fv2%2Fcomments&post=9"}],"version-history":[{"count":52,"href":"https:\/\/vipag.ch\/index.php?rest_route=\/wp\/v2\/pages\/9\/revisions"}],"predecessor-version":[{"id":76,"href":"https:\/\/vipag.ch\/index.php?rest_route=\/wp\/v2\/pages\/9\/revisions\/76"}],"wp:attachment":[{"href":"https:\/\/vipag.ch\/index.php?rest_route=%2Fwp%2Fv2%2Fmedia&parent=9"}],"curies":[{"name":"wp","href":"https:\/\/api.w.org\/{rel}","templated":true}]}}